{"id":1335,"date":"2025-01-16T09:31:59","date_gmt":"2025-01-16T09:31:59","guid":{"rendered":"http:\/\/antibiotika.kisoc.de\/?page_id=1335"},"modified":"2025-01-20T11:30:18","modified_gmt":"2025-01-20T11:30:18","slug":"barrierefreiheit","status":"publish","type":"page","link":"http:\/\/antibiotika.kisoc.de\/en\/barrierefreiheit","title":{"rendered":"Barrierefreiheit"},"content":{"rendered":"<div class=\"wpb-content-wrapper\"><p>[vc_row][vc_column][vc_column_text]<\/p>\r\n\r\n<h2 class=\"wp-block-heading\">Erkl\u00e4rung zur Barrierefreiheit<\/h2>\r\n\r\n<p>Das IPN &#8211; Leibniz-Institut f\u00fcr die P\u00e4dagogik der Naturwissenschaften und Mathematik ist bem\u00fcht, Websiten von IPN-Projekten im Einklang mit \u00a7 11 Absatz 1 Landesbehindertengleichstellungsgesetz (LBGG) sowie den Anforderungen der Barrierefreiheit gem\u00e4\u00df \u00a7 13 Absatz 3 LBGG barrierefrei zug\u00e4nglich zu machen.<\/p>\r\n\r\n<p>Diese Erkl\u00e4rung zur Barrierefreiheit gilt f\u00fcr:\u00a0<a href=\"http:\/\/antibiotika.kisoc.de\/\">http:\/\/antibiotika.kisoc.de\/<\/a> .<\/p>\r\n<p>\r\n\r\n[\/vc_column_text][\/vc_column][\/vc_row][vc_row][vc_column][vc_column_text]<\/p>\r\n<h2 class=\"wp-block-heading\">Stand der Vereinbarkeit mit den Anforderungen und Pr\u00fcfmethode<\/h2>\r\n<p>\r\n\r\nDiese Website ist teilweise mit \u00a7 13 Absatz 3 LBGG vereinbar.<\/p>\r\n<p>\u00a0<\/p>\r\n\r\n<h3 class=\"wp-block-heading\">Nicht barrierefreie Inhalte<\/h3>\r\n<p>\r\n\r\nDie folgenden Bereiche sind noch nicht (vollst\u00e4ndig) barrierefrei:<\/p>\r\n<p>\u00a0<\/p>\r\n\r\n<ul class=\"wp-block-list\">\r\n<li>Videos, Bilder, Galerien und Formulare (es fehlen zum Teil noch Medien- und Textalternativen)<\/li>\r\n<li>Tastaturbedienbarkeit und Alternativtexte von Navigationen<\/li>\r\n<li>Kontraste von Symbolen und Links<\/li>\r\n<li>nicht alle Links sind schon mit ausreichend verst\u00e4ndlichen Texten versehen<\/li>\r\n<li>PDF-Dokumente<\/li>\r\n<li>Leichte Sprache<\/li>\r\n<li>Geb\u00e4rdensprache\r\n<p>&nbsp;<\/p>\r\n<ul class=\"wp-block-list\"><\/ul>\r\n<\/li>\r\n<\/ul>\r\n<p>\u00a0<\/p>\r\n\r\n<h3 class=\"wp-block-heading\">Die aufgef\u00fchrten Inhalte sind aus folgenden Gr\u00fcnden nicht barrierefrei:<\/h3>\r\n<p>\u00a0<\/p>\r\n\r\n<ul class=\"wp-block-list\">\r\n<li>Die Website richtet sich an eine gezielte Zielgruppe von Lehrkr\u00e4ften bzw. Sch\u00fcler*innen. Die dort hochgeladenen und integrierten Materialien kommen daher in einem ganz bestimmten begleiteten Setting im Unterricht zum Einsatz, sodass bei der Nutzung im Unterricht ebenfalls eine Unterst\u00fctzung durch die entsprechende Lehrkraft m\u00f6glich ist. Daher kann zurzeit noch keine vollst\u00e4ndige Barrierefreiheit gew\u00e4hrleistet werden. Aufgrund der Vielzahl \u00e4lterer Inhalte und Dokumente fehlen teilweise die Kapazit\u00e4ten f\u00fcr eine l\u00fcckenlose barrierefreie \u00dcberarbeitung. Dies betrifft auch die leichte Sprache und die Geb\u00e4rdensprache.<\/li>\r\n<li>Verschiedene PDF-Dokumente konnten auch noch nicht auf ein barrierefreies Format umgestellt werden.<\/li>\r\n<li>Uns ist es ein Anliegen, Texte auf den IPN-Internetseiten verst\u00e4ndlich zu formulieren. Nicht immer lassen sich allerdings Fachbegriffe vermeiden.<\/li>\r\n<li>Wenn die Aufw\u00e4nde zu hoch sind, m\u00fcssen entsprechende Abw\u00e4gungen stattfinden (siehe Artikel 5 \u201eUnverh\u00e4ltnism\u00e4\u00dfige Belastung&#8221; der Richtlinie (EU) 2016\/2102).<br \/>\r\n<ul class=\"wp-block-list\"><\/ul>\r\n<\/li>\r\n<\/ul>\r\n\r\n<p>\u00a0<\/p>\r\n<p>[\/vc_column_text][\/vc_column][\/vc_row][vc_row][vc_column][vc_column_text]<\/p>\r\n<h2 class=\"wp-block-heading\">Erstellung dieser Erkl\u00e4rung zur Barrierefreiheit<\/h2>\r\n<!-- \/wp:post-content -->\r\n<p><!-- wp:paragraph -->Diese Erkl\u00e4rung wurde am 16.01.2025 erstellt. Die Aussagen bez\u00fcglich der Vereinbarkeit mit den Barrierefreiheitsanforderungen in dieser Erkl\u00e4rung beruhen auf einer Selbstbewertung. Zuletzt wurde die Erkl\u00e4rung am 16.01.2025 \u00fcberpr\u00fcft und aktualisiert.<\/p>\r\n<p><!-- \/wp:paragraph -->\u00a0<\/p>\r\n<!-- wp:heading {\"level\":3} -->\r\n<h3 class=\"wp-block-heading\">Feedback und Kontaktangaben<\/h3>\r\n<!-- \/wp:heading -->\r\n<p><!-- wp:paragraph -->Sie haben Fragen, Anregungen oder Verbesserungsvorschl\u00e4ge zur barrierefreien Nutzung unseres Angebotes? Bitte schreiben Sie uns eine E-Mail an:\u00a0<a href=\"mailto:kapitza@leibniz-ipn.de\">kapitza@leibniz-ipn.de<\/a><\/p>\r\n<!-- \/wp:paragraph -->\r\n<p><!-- wp:paragraph -->Per Briefpost erreichen Sie uns unter folgender Adresse:<br \/>IPN &#8211; Leibniz-Institut f\u00fcr die P\u00e4dagogik der Naturwissenschaften und Mathematik<br \/>\u00d6ffentlichkeitsarbeit<br \/>Olshausenstra\u00dfe 62<br \/>D-24098 Kiel<\/p>\r\n<!-- \/wp:paragraph -->\r\n<p><!-- wp:heading -->[\/vc_column_text][\/vc_column][\/vc_row][vc_row][vc_column][vc_column_text]<\/p>\r\n<h2 class=\"wp-block-heading\">Beschwerdeverfahren<\/h2>\r\n<!-- \/wp:heading -->\r\n<p><!-- wp:paragraph -->Die Beschwerdestelle gem\u00e4\u00df \u00a7 16 LBGG wurde beim Landesbeauftragten f\u00fcr Menschen mit Behinderung Schleswig-Holstein eingerichtet. An diese Stelle k\u00f6nnen Sie sich wenden, wenn Sie mit den Antworten aus der oben genannten Kontaktm\u00f6glichkeit nicht zufrieden sind. Sollte das der Fall sein, ist es dennoch unser Ziel, mit Hilfe der Beschwerdestelle gemeinsam und au\u00dfergerichtlich eine L\u00f6sung f\u00fcr ein Problem zu finden.<\/p>\r\n<p>Das Beschwerdeverfahren ist kostenlos. Sie brauchen auch keinen Rechtsbeistand.<\/p>\r\n<p>Auf der Internetseite der Beschwerdestelle finden Sie alle Informationen zum Beschwerdeverfahren und dessen Ablauf.<\/p>\r\n<p><a href=\"https:\/\/www.landtag.ltsh.de\/beauftragte\/beschwerdestelle-fuer-barrieren\/\" target=\"_blank\" rel=\"noreferrer noopener\">Beschwerdestelle f\u00fcr barrierefreie Informationstechnik Schleswig-Holstein<\/a><\/p>\r\n<!-- \/wp:paragraph -->\r\n<p><!-- wp:paragraph -->Des Weiteren erreichen Sie die Beschwerdestelle unter folgender Adresse:<br \/>Beschwerdestelle nach dem Behindertengleichstellungsgesetz<br \/>beim Landesbeauftragten f\u00fcr Menschen mit Behinderung<\/p>\r\n<p>B\u00fcroanschrift:<br \/>Karolinenweg 1<br \/>24105 Kiel<\/p>\r\n<p>Postanschrift:<br \/>Postfach 7121<br \/>24171 Kiel<\/p>\r\n<p>Telefon: +49 431 988-1620<br \/>E-Mail:\u00a0<a href=\"mailto:lb@landtag.ltsh.de\">lb@landtag.ltsh.de<\/a><\/p>\r\n<p>[\/vc_column_text][\/vc_column][\/vc_row]<\/p><\/div>","protected":false},"excerpt":{"rendered":"<p>[vc_row][vc_column][vc_column_text] Erkl\u00e4rung zur Barrierefreiheit Das IPN &#8211; Leibniz-Institut f\u00fcr die P\u00e4dagogik der Naturwissenschaften und Mathematik ist bem\u00fcht, Websiten von IPN-Projekten im Einklang mit \u00a7 11 Absatz 1 Landesbehindertengleichstellungsgesetz (LBGG) sowie den Anforderungen der Barrierefreiheit gem\u00e4\u00df \u00a7 13 Absatz 3 LBGG barrierefrei zug\u00e4nglich zu machen. Diese Erkl\u00e4rung zur Barrierefreiheit gilt f\u00fcr:\u00a0http:\/\/antibiotika.kisoc.de\/ [&hellip;]<\/p>\n","protected":false},"author":1,"featured_media":1366,"parent":0,"menu_order":0,"comment_status":"closed","ping_status":"closed","template":"page-templates\/template-fullwidth.php","meta":{"footnotes":""},"class_list":["post-1335","page","type-page","status-publish","has-post-thumbnail","hentry"],"translation":{"provider":"WPGlobus","version":"3.0.2","language":"en","enabled_languages":["de","en"],"languages":{"de":{"title":true,"content":true,"excerpt":false},"en":{"title":false,"content":false,"excerpt":false}}},"_links":{"self":[{"href":"http:\/\/antibiotika.kisoc.de\/en\/wp-json\/wp\/v2\/pages\/1335","targetHints":{"allow":["GET"]}}],"collection":[{"href":"http:\/\/antibiotika.kisoc.de\/en\/wp-json\/wp\/v2\/pages"}],"about":[{"href":"http:\/\/antibiotika.kisoc.de\/en\/wp-json\/wp\/v2\/types\/page"}],"author":[{"embeddable":true,"href":"http:\/\/antibiotika.kisoc.de\/en\/wp-json\/wp\/v2\/users\/1"}],"replies":[{"embeddable":true,"href":"http:\/\/antibiotika.kisoc.de\/en\/wp-json\/wp\/v2\/comments?post=1335"}],"version-history":[{"count":7,"href":"http:\/\/antibiotika.kisoc.de\/en\/wp-json\/wp\/v2\/pages\/1335\/revisions"}],"predecessor-version":[{"id":1365,"href":"http:\/\/antibiotika.kisoc.de\/en\/wp-json\/wp\/v2\/pages\/1335\/revisions\/1365"}],"wp:featuredmedia":[{"embeddable":true,"href":"http:\/\/antibiotika.kisoc.de\/en\/wp-json\/wp\/v2\/media\/1366"}],"wp:attachment":[{"href":"http:\/\/antibiotika.kisoc.de\/en\/wp-json\/wp\/v2\/media?parent=1335"}],"curies":[{"name":"wp","href":"https:\/\/api.w.org\/{rel}","templated":true}]}}