{"id":694,"date":"2018-06-28T00:26:14","date_gmt":"2018-06-28T00:26:14","guid":{"rendered":"http:\/\/antibiotika.kisoc.de\/?page_id=694"},"modified":"2025-01-20T12:00:15","modified_gmt":"2025-01-20T12:00:15","slug":"film-mukoviszidose","status":"publish","type":"page","link":"http:\/\/antibiotika.kisoc.de\/en\/film-mukoviszidose","title":{"rendered":"Film: Mukoviszidose"},"content":{"rendered":"<div class=\"wpb-content-wrapper\"><p>[vc_row][vc_column][vc_column_text]Den Film haben wir in Zusammenarbeit mit Ingrid Bobis vom Mukoviszidosezentrum f\u00fcr Erwachsene am Universit\u00e4tsklinikum Schleswig- Holstein erstellt. Er gibt einen Einblick in die medizinische Praxis am Mukoviszidosezentrum sowie in den Alltag zweier Mukoviszidosepatienten. Des Weiteren wird Bezug zu aktueller Forschung \u00fcber Antibiotikaresistenz an der Schnittstelle zwischen Biologie und Medizin genommen. Es kann so gezeigt werden, dass zur L\u00f6sungsfindung hinsichtlich der Antibiotikaresistenz bei Mukoviszidose-Patientinnen und Patienten \u00c4rzte und \u00c4rztinnen mit Wissenschaftlern und Wissenschaftlerinnen eng zusammenarbeiten.<\/p>\n<p>F\u00fcr die Einordnung des Films in den Gesamtablauf siehe <a href=\"http:\/\/antibiotika.kisoc.de\/gesamtpaket-projekttag\">Gesamtpaket Projekttag<\/a>.[\/vc_column_text][vc_row_inner css=&#8221;.vc_custom_1530173936651{padding-bottom: 50px !important;}&#8221;][vc_column_inner width=&#8221;1\/2&#8243;][vc_column_text]<div class='w3eden'><!-- WPDM Link Template: Default Template -->\n\n<div class=\"link-template-default card mb-2\">\n    <div class=\"card-body\">\n        <div class=\"media\">\n            <div class=\"mr-3 img-48\"><img decoding=\"async\" class=\"wpdm_icon\" alt=\"Icon\" src=\"http:\/\/antibiotika.kisoc.de\/wp-content\/plugins\/download-manager\/assets\/file-type-icons\/mp4.svg\" \/><\/div>\n            <div class=\"media-body\">\n                <h3 class=\"package-title\"><a href='http:\/\/antibiotika.kisoc.de\/en\/download\/film-mukoviszidose'>Film Mukoviszidose<\/a><\/h3>\n                <div class=\"text-muted text-small\"><i class=\"fas fa-copy\"><\/i> 1 file(s) <i class=\"fas fa-hdd ml-3\"><\/i> 366.89 MB<\/div>\n            <\/div>\n            <div class=\"ml-3\">\n                <a class='wpdm-download-link download-on-click btn btn-primary ' rel='nofollow' href='#' data-downloadurl=\"http:\/\/antibiotika.kisoc.de\/en\/download\/film-mukoviszidose?wpdmdl=767&refresh=69df5db8663e31776246200\">Download<\/a>\n            <\/div>\n        <\/div>\n    <\/div>\n<\/div>\n\n<\/div>[\/vc_column_text][\/vc_column_inner][vc_column_inner width=&#8221;1\/2&#8243;][\/vc_column_inner][\/vc_row_inner][vc_row_inner css=&#8221;.vc_custom_1530173936651{padding-bottom: 50px !important;}&#8221;][vc_column_inner width=&#8221;1\/2&#8243;][vc_column_text]<div class='w3eden'><!-- WPDM Link Template: Default Template -->\n\n<div class=\"link-template-default card mb-2\">\n    <div class=\"card-body\">\n        <div class=\"media\">\n            <div class=\"mr-3 img-48\"><img decoding=\"async\" class=\"wpdm_icon\" alt=\"Icon\" src=\"http:\/\/antibiotika.kisoc.de\/wp-content\/plugins\/download-manager\/assets\/file-type-icons\/docx.svg\" \/><\/div>\n            <div class=\"media-body\">\n                <h3 class=\"package-title\"><a href='http:\/\/antibiotika.kisoc.de\/en\/download\/arbeitsblatt-als-ersatz-fuer-den-film'>Arbeitsblatt als Ersatz f\u00fcr den Film (nicht barrierefrei)<\/a><\/h3>\n                <div class=\"text-muted text-small\"><i class=\"fas fa-copy\"><\/i> 1 file(s) <i class=\"fas fa-hdd ml-3\"><\/i> 4.93 MB<\/div>\n            <\/div>\n            <div class=\"ml-3\">\n                <a class='wpdm-download-link download-on-click btn btn-primary ' rel='nofollow' href='#' data-downloadurl=\"http:\/\/antibiotika.kisoc.de\/en\/download\/arbeitsblatt-als-ersatz-fuer-den-film?wpdmdl=1128&refresh=69df5db868cf91776246200\">Download<\/a>\n            <\/div>\n        <\/div>\n    <\/div>\n<\/div>\n\n<\/div>[\/vc_column_text][\/vc_column_inner][vc_column_inner width=&#8221;1\/2&#8243;][vc_column_text]<div class='w3eden'><!-- WPDM Link Template: Default Template -->\n\n<div class=\"link-template-default card mb-2\">\n    <div class=\"card-body\">\n        <div class=\"media\">\n            <div class=\"mr-3 img-48\"><img decoding=\"async\" class=\"wpdm_icon\" alt=\"Icon\" src=\"http:\/\/antibiotika.kisoc.de\/wp-content\/plugins\/download-manager\/assets\/file-type-icons\/pdf.svg\" \/><\/div>\n            <div class=\"media-body\">\n                <h3 class=\"package-title\"><a href='http:\/\/antibiotika.kisoc.de\/en\/download\/arbeitsblatt-als-ersatz-fuer-den-film-pdf'>Arbeitsblatt als Ersatz f\u00fcr den Film<\/a><\/h3>\n                <div class=\"text-muted text-small\"><i class=\"fas fa-copy\"><\/i> 1 file(s) <i class=\"fas fa-hdd ml-3\"><\/i> 811.33 KB<\/div>\n            <\/div>\n            <div class=\"ml-3\">\n                <a class='wpdm-download-link download-on-click btn btn-primary ' rel='nofollow' href='#' data-downloadurl=\"http:\/\/antibiotika.kisoc.de\/en\/download\/arbeitsblatt-als-ersatz-fuer-den-film-pdf?wpdmdl=1129&refresh=69df5db86a3f61776246200\">Download<\/a>\n            <\/div>\n        <\/div>\n    <\/div>\n<\/div>\n\n<\/div>[\/vc_column_text][\/vc_column_inner][\/vc_row_inner][\/vc_column][\/vc_row]<\/p>\n<\/div>","protected":false},"excerpt":{"rendered":"<p>[vc_row][vc_column][vc_column_text]Den Film haben wir in Zusammenarbeit mit Ingrid Bobis vom Mukoviszidosezentrum f\u00fcr Erwachsene am Universit\u00e4tsklinikum Schleswig- Holstein erstellt. Er gibt einen Einblick in die medizinische Praxis am Mukoviszidosezentrum sowie in den Alltag zweier Mukoviszidosepatienten. Des Weiteren wird Bezug zu aktueller Forschung \u00fcber Antibiotikaresistenz an der Schnittstelle zwischen Biologie und Medizin [&hellip;]<\/p>\n","protected":false},"author":1,"featured_media":1315,"parent":0,"menu_order":0,"comment_status":"closed","ping_status":"closed","template":"page-templates\/template-fullwidth.php","meta":{"footnotes":""},"class_list":["post-694","page","type-page","status-publish","has-post-thumbnail","hentry"],"translation":{"provider":"WPGlobus","version":"3.0.2","language":"en","enabled_languages":["de","en"],"languages":{"de":{"title":true,"content":true,"excerpt":false},"en":{"title":false,"content":false,"excerpt":false}}},"_links":{"self":[{"href":"http:\/\/antibiotika.kisoc.de\/en\/wp-json\/wp\/v2\/pages\/694","targetHints":{"allow":["GET"]}}],"collection":[{"href":"http:\/\/antibiotika.kisoc.de\/en\/wp-json\/wp\/v2\/pages"}],"about":[{"href":"http:\/\/antibiotika.kisoc.de\/en\/wp-json\/wp\/v2\/types\/page"}],"author":[{"embeddable":true,"href":"http:\/\/antibiotika.kisoc.de\/en\/wp-json\/wp\/v2\/users\/1"}],"replies":[{"embeddable":true,"href":"http:\/\/antibiotika.kisoc.de\/en\/wp-json\/wp\/v2\/comments?post=694"}],"version-history":[{"count":23,"href":"http:\/\/antibiotika.kisoc.de\/en\/wp-json\/wp\/v2\/pages\/694\/revisions"}],"predecessor-version":[{"id":1368,"href":"http:\/\/antibiotika.kisoc.de\/en\/wp-json\/wp\/v2\/pages\/694\/revisions\/1368"}],"wp:featuredmedia":[{"embeddable":true,"href":"http:\/\/antibiotika.kisoc.de\/en\/wp-json\/wp\/v2\/media\/1315"}],"wp:attachment":[{"href":"http:\/\/antibiotika.kisoc.de\/en\/wp-json\/wp\/v2\/media?parent=694"}],"curies":[{"name":"wp","href":"https:\/\/api.w.org\/{rel}","templated":true}]}}